{"id":462,"date":"2023-03-22T16:53:42","date_gmt":"2023-03-22T15:53:42","guid":{"rendered":"https:\/\/www.haflingerhorses.eu\/dekvoorwaarden\/"},"modified":"2026-03-27T11:29:44","modified_gmt":"2026-03-27T10:29:44","slug":"dekvoorwaarden","status":"publish","type":"page","link":"https:\/\/www.haflingerhorses.eu\/de\/dekvoorwaarden\/","title":{"rendered":"Deckbedingungen"},"content":{"rendered":"\t\t<div data-elementor-type=\"wp-page\" data-elementor-id=\"462\" class=\"elementor elementor-462 elementor-48\" data-elementor-post-type=\"page\">\n\t\t\t\t\t\t<section class=\"elementor-section elementor-top-section elementor-element elementor-element-6188c5f5 elementor-section-full_width elementor-section-content-middle elementor-section-height-default elementor-section-height-default\" data-id=\"6188c5f5\" data-element_type=\"section\" data-e-type=\"section\" data-settings=\"{&quot;background_background&quot;:&quot;classic&quot;}\">\n\t\t\t\t\t\t<div class=\"elementor-container elementor-column-gap-no\">\n\t\t\t\t\t<div class=\"elementor-column elementor-col-100 elementor-top-column elementor-element elementor-element-58f24154\" data-id=\"58f24154\" data-element_type=\"column\" data-e-type=\"column\">\n\t\t\t<div class=\"elementor-widget-wrap elementor-element-populated\">\n\t\t\t\t\t\t<div class=\"elementor-element elementor-element-73b88dbe elementor-widget elementor-widget-heading\" data-id=\"73b88dbe\" data-element_type=\"widget\" data-e-type=\"widget\" data-widget_type=\"heading.default\">\n\t\t\t\t<div class=\"elementor-widget-container\">\n\t\t\t\t\t<h2 class=\"elementor-heading-title elementor-size-default\">Deckbedingungen<\/h2>\t\t\t\t<\/div>\n\t\t\t\t<\/div>\n\t\t\t\t<div class=\"elementor-element elementor-element-3468947d elementor-widget__width-initial elementor-widget-tablet__width-inherit elementor-invisible elementor-widget elementor-widget-text-editor\" data-id=\"3468947d\" data-element_type=\"widget\" data-e-type=\"widget\" data-settings=\"{&quot;_animation&quot;:&quot;fadeInUp&quot;}\" data-widget_type=\"text-editor.default\">\n\t\t\t\t<div class=\"elementor-widget-container\">\n\t\t\t\t\t\t\t\t\t<h4><\/h4>\n<p><\/p>\n<h4><strong>Decktaxe:<\/strong><\/h4>\n<p>Decktaxe:<\/p>\n<p>Bernstein:\u00a0 \u00a0 \u00a0 \u00a0 \u00a0 \u00a0 \u00a0 \u00a0 \u20ac 400,=<\/p>\n<p>Monsignore-G\u00a0 \u00a0 \u00a0 \u00a0 \u20ac 400,=<\/p>\n<p>Amino:\u00a0 \u00a0 \u00a0 \u00a0 \u00a0 \u00a0 \u00a0 \u00a0 \u00a0 \u00a0 \u20ac 400,=<\/p>\n<p>Alpenschnee:\u00a0 \u00a0 \u00a0 \u00a0 \u00a0 \u20ac 400,=<\/p>\n<p>Stubenk\u00f6nig:\u00a0 \u00a0 \u00a0 \u00a0 \u00a0 \u00a0\u20ac 400,=<\/p>\n<p>Blitz:\u00a0 \u00a0 \u00a0 \u00a0 \u00a0 \u00a0 \u00a0 \u00a0 \u00a0 \u00a0 \u00a0 \u00a0 \u00a0\u20ac 350,=<\/p>\n<p>exkl. MwSt. und Eintragung im Zuchtbuch<\/p>\n<p>Versand innerhalb der Niederlande 34 Euro; Au\u00dferhalb der Niederlande berechnen wir einen Tarif f\u00fcr den Transport und das Exportzertifikat. Je nach Entfernung liegen diese Kosten zwischen 70 und 110 Euro<\/p>\n<p>&nbsp;<\/p>\n<h4>Stallungsgeb\u00fchr:<\/h4>\n<p>Stuten \u20ac 10,00 pro Tag und f\u00fcr Stuten mit Fohlen \u20ac 12,00 pro Tag<\/p>\n<p>Stuten, die sich auf unserer Station befinden, werden ebenfalls besamt;<\/p>\n<p>in diesem Fall spricht man von &#8222;Betriebsbesamung&#8220;<\/p>\n<p>&nbsp;<\/p>\n<p>Eine Erl\u00e4uterung zum Versand von KI finden Sie unter &#8222;KI-SWS&#8220;<\/p>\n<p>Guste-Stuten: F\u00fcr Stuten, f\u00fcr die vor dem 1. November 2026 ein \u201eB\u00f6en-Statement\u201c eines Tierarztes eingereicht werden kann, erhalten sie in der n\u00e4chsten Saison 50% Rabatt auf einen unserer Hengste (Tierarzt- und andere Zusatzkosten ausgenommen).<\/p>\n<p>Haftung: Die Besamung Ihrer Stute sowie die Unterbringung Ihrer Stute auf unserem Hof erfolgt auf eigene Gefahr. Selbstverst\u00e4ndlich tun wir unser M\u00f6glichstes, um Ihre Stute so gesund zu liefern, wie sie gekommen ist, und sie im Fr\u00fchjahr Mutter eines wundersch\u00f6nen Fohlens werden zu lassen!<\/p>\n<p>Bestellung: abends vor Versand bis sp\u00e4testens 21.00 Uhr!<\/p>\n<p>Unsere Dienstleistungen unterliegen den Allgemeinen Gesch\u00e4ftsbedingungen des Verbandes der Hengsthalter in den Niederlanden, die bei der Handelskammer in Utrecht hinterlegt sind.<\/p>\n<p>F\u00fcr weitere Informationen: telefonisch oder per E-Mail: siehe Kontakt<\/p>\n\t\t\t\t\t\t\t\t<\/div>\n\t\t\t\t<\/div>\n\t\t\t\t\t<\/div>\n\t\t<\/div>\n\t\t\t\t\t<\/div>\n\t\t<\/section>\n\t\t\t\t<\/div>\n\t\t","protected":false},"excerpt":{"rendered":"<p>Deckbedingungen Decktaxe: Decktaxe: Bernstein:\u00a0 \u00a0 \u00a0 \u00a0 \u00a0 \u00a0 \u00a0 \u00a0 \u20ac 400,= Monsignore-G\u00a0 \u00a0 \u00a0 \u00a0 \u20ac 400,= Amino:\u00a0 \u00a0 \u00a0 \u00a0 \u00a0 \u00a0 \u00a0 \u00a0 \u00a0 \u00a0 \u20ac 400,= Alpenschnee:\u00a0 \u00a0 \u00a0 \u00a0 \u00a0 \u20ac 400,= Stubenk\u00f6nig:\u00a0 \u00a0 \u00a0 \u00a0 \u00a0 \u00a0\u20ac 400,= Blitz:\u00a0 \u00a0 \u00a0 \u00a0 \u00a0 \u00a0 \u00a0 \u00a0 \u00a0 \u00a0 [&hellip;]<\/p>\n","protected":false},"author":1,"featured_media":0,"parent":0,"menu_order":0,"comment_status":"closed","ping_status":"closed","template":"","meta":{"footnotes":""},"class_list":["post-462","page","type-page","status-publish","hentry"],"yoast_head":"<!-- This site is optimized with the Yoast SEO plugin v27.5 - https:\/\/yoast.com\/product\/yoast-seo-wordpress\/ -->\n<title>Deckbedingungen - Leestensch Hof<\/title>\n<meta name=\"robots\" content=\"index, follow, max-snippet:-1, max-image-preview:large, max-video-preview:-1\" \/>\n<link rel=\"canonical\" href=\"https:\/\/www.haflingerhorses.eu\/de\/dekvoorwaarden\/\" \/>\n<meta property=\"og:locale\" content=\"de_DE\" \/>\n<meta property=\"og:type\" content=\"article\" \/>\n<meta property=\"og:title\" content=\"Deckbedingungen - Leestensch Hof\" \/>\n<meta property=\"og:description\" content=\"Deckbedingungen Decktaxe: Decktaxe: Bernstein:\u00a0 \u00a0 \u00a0 \u00a0 \u00a0 \u00a0 \u00a0 \u00a0 \u20ac 400,= Monsignore-G\u00a0 \u00a0 \u00a0 \u00a0 \u20ac 400,= Amino:\u00a0 \u00a0 \u00a0 \u00a0 \u00a0 \u00a0 \u00a0 \u00a0 \u00a0 \u00a0 \u20ac 400,= Alpenschnee:\u00a0 \u00a0 \u00a0 \u00a0 \u00a0 \u20ac 400,= Stubenk\u00f6nig:\u00a0 \u00a0 \u00a0 \u00a0 \u00a0 \u00a0\u20ac 400,= Blitz:\u00a0 \u00a0 \u00a0 \u00a0 \u00a0 \u00a0 \u00a0 \u00a0 \u00a0 \u00a0 [&hellip;]\" \/>\n<meta property=\"og:url\" content=\"https:\/\/www.haflingerhorses.eu\/de\/dekvoorwaarden\/\" \/>\n<meta property=\"og:site_name\" content=\"Leestensch Hof\" \/>\n<meta property=\"article:modified_time\" content=\"2026-03-27T10:29:44+00:00\" \/>\n<meta name=\"twitter:card\" content=\"summary_large_image\" \/>\n<meta name=\"twitter:label1\" content=\"Gesch\u00e4tzte Lesezeit\" \/>\n\t<meta name=\"twitter:data1\" content=\"1\u00a0Minute\" \/>\n<script type=\"application\/ld+json\" class=\"yoast-schema-graph\">{\"@context\":\"https:\\\/\\\/schema.org\",\"@graph\":[{\"@type\":\"WebPage\",\"@id\":\"https:\\\/\\\/www.haflingerhorses.eu\\\/de\\\/dekvoorwaarden\\\/\",\"url\":\"https:\\\/\\\/www.haflingerhorses.eu\\\/de\\\/dekvoorwaarden\\\/\",\"name\":\"Deckbedingungen - Leestensch Hof\",\"isPartOf\":{\"@id\":\"https:\\\/\\\/www.haflingerhorses.eu\\\/de\\\/#website\"},\"datePublished\":\"2023-03-22T15:53:42+00:00\",\"dateModified\":\"2026-03-27T10:29:44+00:00\",\"breadcrumb\":{\"@id\":\"https:\\\/\\\/www.haflingerhorses.eu\\\/de\\\/dekvoorwaarden\\\/#breadcrumb\"},\"inLanguage\":\"de\",\"potentialAction\":[{\"@type\":\"ReadAction\",\"target\":[\"https:\\\/\\\/www.haflingerhorses.eu\\\/de\\\/dekvoorwaarden\\\/\"]}]},{\"@type\":\"BreadcrumbList\",\"@id\":\"https:\\\/\\\/www.haflingerhorses.eu\\\/de\\\/dekvoorwaarden\\\/#breadcrumb\",\"itemListElement\":[{\"@type\":\"ListItem\",\"position\":1,\"name\":\"Home\",\"item\":\"https:\\\/\\\/www.haflingerhorses.eu\\\/de\\\/\"},{\"@type\":\"ListItem\",\"position\":2,\"name\":\"Deckbedingungen\"}]},{\"@type\":\"WebSite\",\"@id\":\"https:\\\/\\\/www.haflingerhorses.eu\\\/de\\\/#website\",\"url\":\"https:\\\/\\\/www.haflingerhorses.eu\\\/de\\\/\",\"name\":\"Leestensch Hof\",\"description\":\"Haflinger Hengstenhouderij &amp; SWS\\\/KI Station\",\"potentialAction\":[{\"@type\":\"SearchAction\",\"target\":{\"@type\":\"EntryPoint\",\"urlTemplate\":\"https:\\\/\\\/www.haflingerhorses.eu\\\/de\\\/?s={search_term_string}\"},\"query-input\":{\"@type\":\"PropertyValueSpecification\",\"valueRequired\":true,\"valueName\":\"search_term_string\"}}],\"inLanguage\":\"de\"}]}<\/script>\n<!-- \/ Yoast SEO plugin. -->","yoast_head_json":{"title":"Deckbedingungen - Leestensch Hof","robots":{"index":"index","follow":"follow","max-snippet":"max-snippet:-1","max-image-preview":"max-image-preview:large","max-video-preview":"max-video-preview:-1"},"canonical":"https:\/\/www.haflingerhorses.eu\/de\/dekvoorwaarden\/","og_locale":"de_DE","og_type":"article","og_title":"Deckbedingungen - Leestensch Hof","og_description":"Deckbedingungen Decktaxe: Decktaxe: Bernstein:\u00a0 \u00a0 \u00a0 \u00a0 \u00a0 \u00a0 \u00a0 \u00a0 \u20ac 400,= Monsignore-G\u00a0 \u00a0 \u00a0 \u00a0 \u20ac 400,= Amino:\u00a0 \u00a0 \u00a0 \u00a0 \u00a0 \u00a0 \u00a0 \u00a0 \u00a0 \u00a0 \u20ac 400,= Alpenschnee:\u00a0 \u00a0 \u00a0 \u00a0 \u00a0 \u20ac 400,= Stubenk\u00f6nig:\u00a0 \u00a0 \u00a0 \u00a0 \u00a0 \u00a0\u20ac 400,= Blitz:\u00a0 \u00a0 \u00a0 \u00a0 \u00a0 \u00a0 \u00a0 \u00a0 \u00a0 \u00a0 [&hellip;]","og_url":"https:\/\/www.haflingerhorses.eu\/de\/dekvoorwaarden\/","og_site_name":"Leestensch Hof","article_modified_time":"2026-03-27T10:29:44+00:00","twitter_card":"summary_large_image","twitter_misc":{"Gesch\u00e4tzte Lesezeit":"1\u00a0Minute"},"schema":{"@context":"https:\/\/schema.org","@graph":[{"@type":"WebPage","@id":"https:\/\/www.haflingerhorses.eu\/de\/dekvoorwaarden\/","url":"https:\/\/www.haflingerhorses.eu\/de\/dekvoorwaarden\/","name":"Deckbedingungen - Leestensch Hof","isPartOf":{"@id":"https:\/\/www.haflingerhorses.eu\/de\/#website"},"datePublished":"2023-03-22T15:53:42+00:00","dateModified":"2026-03-27T10:29:44+00:00","breadcrumb":{"@id":"https:\/\/www.haflingerhorses.eu\/de\/dekvoorwaarden\/#breadcrumb"},"inLanguage":"de","potentialAction":[{"@type":"ReadAction","target":["https:\/\/www.haflingerhorses.eu\/de\/dekvoorwaarden\/"]}]},{"@type":"BreadcrumbList","@id":"https:\/\/www.haflingerhorses.eu\/de\/dekvoorwaarden\/#breadcrumb","itemListElement":[{"@type":"ListItem","position":1,"name":"Home","item":"https:\/\/www.haflingerhorses.eu\/de\/"},{"@type":"ListItem","position":2,"name":"Deckbedingungen"}]},{"@type":"WebSite","@id":"https:\/\/www.haflingerhorses.eu\/de\/#website","url":"https:\/\/www.haflingerhorses.eu\/de\/","name":"Leestensch Hof","description":"Haflinger Hengstenhouderij &amp; SWS\/KI Station","potentialAction":[{"@type":"SearchAction","target":{"@type":"EntryPoint","urlTemplate":"https:\/\/www.haflingerhorses.eu\/de\/?s={search_term_string}"},"query-input":{"@type":"PropertyValueSpecification","valueRequired":true,"valueName":"search_term_string"}}],"inLanguage":"de"}]}},"_links":{"self":[{"href":"https:\/\/www.haflingerhorses.eu\/de\/wp-json\/wp\/v2\/pages\/462","targetHints":{"allow":["GET"]}}],"collection":[{"href":"https:\/\/www.haflingerhorses.eu\/de\/wp-json\/wp\/v2\/pages"}],"about":[{"href":"https:\/\/www.haflingerhorses.eu\/de\/wp-json\/wp\/v2\/types\/page"}],"author":[{"embeddable":true,"href":"https:\/\/www.haflingerhorses.eu\/de\/wp-json\/wp\/v2\/users\/1"}],"replies":[{"embeddable":true,"href":"https:\/\/www.haflingerhorses.eu\/de\/wp-json\/wp\/v2\/comments?post=462"}],"version-history":[{"count":17,"href":"https:\/\/www.haflingerhorses.eu\/de\/wp-json\/wp\/v2\/pages\/462\/revisions"}],"predecessor-version":[{"id":1572,"href":"https:\/\/www.haflingerhorses.eu\/de\/wp-json\/wp\/v2\/pages\/462\/revisions\/1572"}],"wp:attachment":[{"href":"https:\/\/www.haflingerhorses.eu\/de\/wp-json\/wp\/v2\/media?parent=462"}],"curies":[{"name":"wp","href":"https:\/\/api.w.org\/{rel}","templated":true}]}}