{"id":460,"date":"2023-03-26T16:56:34","date_gmt":"2023-03-26T14:56:34","guid":{"rendered":"https:\/\/www.haflingerhorses.eu\/over-ons\/"},"modified":"2026-03-27T11:25:54","modified_gmt":"2026-03-27T10:25:54","slug":"over-ons","status":"publish","type":"page","link":"https:\/\/www.haflingerhorses.eu\/de\/over-ons\/","title":{"rendered":"\u00dcber uns"},"content":{"rendered":"\t\t<div data-elementor-type=\"wp-page\" data-elementor-id=\"460\" class=\"elementor elementor-460 elementor-80\" data-elementor-post-type=\"page\">\n\t\t\t\t\t\t<section class=\"elementor-section elementor-top-section elementor-element elementor-element-19d47475 elementor-section-full_width elementor-section-content-middle elementor-section-height-default elementor-section-height-default\" data-id=\"19d47475\" data-element_type=\"section\" data-e-type=\"section\" data-settings=\"{&quot;background_background&quot;:&quot;classic&quot;}\">\n\t\t\t\t\t\t<div class=\"elementor-container elementor-column-gap-no\">\n\t\t\t\t\t<div class=\"elementor-column elementor-col-100 elementor-top-column elementor-element elementor-element-76adf840\" data-id=\"76adf840\" data-element_type=\"column\" data-e-type=\"column\">\n\t\t\t<div class=\"elementor-widget-wrap elementor-element-populated\">\n\t\t\t\t\t\t<div class=\"elementor-element elementor-element-3b344784 elementor-widget elementor-widget-heading\" data-id=\"3b344784\" data-element_type=\"widget\" data-e-type=\"widget\" data-widget_type=\"heading.default\">\n\t\t\t\t<div class=\"elementor-widget-container\">\n\t\t\t\t\t<h2 class=\"elementor-heading-title elementor-size-default\">\u00dcber uns<\/h2>\t\t\t\t<\/div>\n\t\t\t\t<\/div>\n\t\t\t\t<div class=\"elementor-element elementor-element-1b8345f2 elementor-widget__width-initial elementor-widget-tablet__width-inherit elementor-invisible elementor-widget elementor-widget-text-editor\" data-id=\"1b8345f2\" data-element_type=\"widget\" data-e-type=\"widget\" data-settings=\"{&quot;_animation&quot;:&quot;fadeInUp&quot;}\" data-widget_type=\"text-editor.default\">\n\t\t\t\t<div class=\"elementor-widget-container\">\n\t\t\t\t\t\t\t\t\t<p>Wir z\u00fcchten Haflinger seit 1992, also seit mehr als 30 Jahren. Zuerst am Stadtrand von Zutphen, im Weiler Leesten (daher der Name!), sp\u00e4ter in Wervershoof in Nordholland.<\/p>\n<p>Nach dem Umzug, nun vor 22 Jahren, haben wir mit der Hengsthaltung angefangen. Von Anfang an mit Hengsten, die in (Nord-, S\u00fcd- Ost-) Tirol gez\u00fcchtet und gek\u00f6rt wurden.<\/p>\n<p>Seit 2022 ist unser Hengstbetrieb eine EU-zugelassene SWS-Station, was bedeutet, dass wir Sperma exportieren d\u00fcrfen.. Neben den Hengsten ist die Zucht nach wie vor unsere Leidenschaft. Jedes Jahr z\u00fcchten wir zwischen 6 und 10 Fohlen. Wir konnten mit unseren Z\u00fcchtungsprodukten viele Erfolge bei Inspektionen im In- und Ausland erzielen.<\/p>\n<p>Familie Smeltink<\/p>\n\t\t\t\t\t\t\t\t<\/div>\n\t\t\t\t<\/div>\n\t\t\t\t\t<\/div>\n\t\t<\/div>\n\t\t\t\t\t<\/div>\n\t\t<\/section>\n\t\t\t\t<\/div>\n\t\t","protected":false},"excerpt":{"rendered":"<p>\u00dcber uns Wir z\u00fcchten Haflinger seit 1992, also seit mehr als 30 Jahren. Zuerst am Stadtrand von Zutphen, im Weiler Leesten (daher der Name!), sp\u00e4ter in Wervershoof in Nordholland. Nach dem Umzug, nun vor 22 Jahren, haben wir mit der Hengsthaltung angefangen. Von Anfang an mit Hengsten, die in (Nord-, S\u00fcd- Ost-) Tirol gez\u00fcchtet und [&hellip;]<\/p>\n","protected":false},"author":1,"featured_media":0,"parent":0,"menu_order":0,"comment_status":"closed","ping_status":"closed","template":"","meta":{"footnotes":""},"class_list":["post-460","page","type-page","status-publish","hentry"],"yoast_head":"<!-- This site is optimized with the Yoast SEO plugin v27.5 - https:\/\/yoast.com\/product\/yoast-seo-wordpress\/ -->\n<title>\u00dcber uns - Leestensch Hof<\/title>\n<meta name=\"robots\" content=\"index, follow, max-snippet:-1, max-image-preview:large, max-video-preview:-1\" \/>\n<link rel=\"canonical\" href=\"https:\/\/www.haflingerhorses.eu\/de\/over-ons\/\" \/>\n<meta property=\"og:locale\" content=\"de_DE\" \/>\n<meta property=\"og:type\" content=\"article\" \/>\n<meta property=\"og:title\" content=\"\u00dcber uns - Leestensch Hof\" \/>\n<meta property=\"og:description\" content=\"\u00dcber uns Wir z\u00fcchten Haflinger seit 1992, also seit mehr als 30 Jahren. Zuerst am Stadtrand von Zutphen, im Weiler Leesten (daher der Name!), sp\u00e4ter in Wervershoof in Nordholland. Nach dem Umzug, nun vor 22 Jahren, haben wir mit der Hengsthaltung angefangen. Von Anfang an mit Hengsten, die in (Nord-, S\u00fcd- Ost-) Tirol gez\u00fcchtet und [&hellip;]\" \/>\n<meta property=\"og:url\" content=\"https:\/\/www.haflingerhorses.eu\/de\/over-ons\/\" \/>\n<meta property=\"og:site_name\" content=\"Leestensch Hof\" \/>\n<meta property=\"article:modified_time\" content=\"2026-03-27T10:25:54+00:00\" \/>\n<meta name=\"twitter:card\" content=\"summary_large_image\" \/>\n<meta name=\"twitter:label1\" content=\"Gesch\u00e4tzte Lesezeit\" \/>\n\t<meta name=\"twitter:data1\" content=\"1\u00a0Minute\" \/>\n<script type=\"application\/ld+json\" class=\"yoast-schema-graph\">{\"@context\":\"https:\\\/\\\/schema.org\",\"@graph\":[{\"@type\":\"WebPage\",\"@id\":\"https:\\\/\\\/www.haflingerhorses.eu\\\/de\\\/over-ons\\\/\",\"url\":\"https:\\\/\\\/www.haflingerhorses.eu\\\/de\\\/over-ons\\\/\",\"name\":\"\u00dcber uns - Leestensch Hof\",\"isPartOf\":{\"@id\":\"https:\\\/\\\/www.haflingerhorses.eu\\\/de\\\/#website\"},\"datePublished\":\"2023-03-26T14:56:34+00:00\",\"dateModified\":\"2026-03-27T10:25:54+00:00\",\"breadcrumb\":{\"@id\":\"https:\\\/\\\/www.haflingerhorses.eu\\\/de\\\/over-ons\\\/#breadcrumb\"},\"inLanguage\":\"de\",\"potentialAction\":[{\"@type\":\"ReadAction\",\"target\":[\"https:\\\/\\\/www.haflingerhorses.eu\\\/de\\\/over-ons\\\/\"]}]},{\"@type\":\"BreadcrumbList\",\"@id\":\"https:\\\/\\\/www.haflingerhorses.eu\\\/de\\\/over-ons\\\/#breadcrumb\",\"itemListElement\":[{\"@type\":\"ListItem\",\"position\":1,\"name\":\"Home\",\"item\":\"https:\\\/\\\/www.haflingerhorses.eu\\\/de\\\/\"},{\"@type\":\"ListItem\",\"position\":2,\"name\":\"\u00dcber uns\"}]},{\"@type\":\"WebSite\",\"@id\":\"https:\\\/\\\/www.haflingerhorses.eu\\\/de\\\/#website\",\"url\":\"https:\\\/\\\/www.haflingerhorses.eu\\\/de\\\/\",\"name\":\"Leestensch Hof\",\"description\":\"Haflinger Hengstenhouderij &amp; SWS\\\/KI Station\",\"potentialAction\":[{\"@type\":\"SearchAction\",\"target\":{\"@type\":\"EntryPoint\",\"urlTemplate\":\"https:\\\/\\\/www.haflingerhorses.eu\\\/de\\\/?s={search_term_string}\"},\"query-input\":{\"@type\":\"PropertyValueSpecification\",\"valueRequired\":true,\"valueName\":\"search_term_string\"}}],\"inLanguage\":\"de\"}]}<\/script>\n<!-- \/ Yoast SEO plugin. -->","yoast_head_json":{"title":"\u00dcber uns - Leestensch Hof","robots":{"index":"index","follow":"follow","max-snippet":"max-snippet:-1","max-image-preview":"max-image-preview:large","max-video-preview":"max-video-preview:-1"},"canonical":"https:\/\/www.haflingerhorses.eu\/de\/over-ons\/","og_locale":"de_DE","og_type":"article","og_title":"\u00dcber uns - Leestensch Hof","og_description":"\u00dcber uns Wir z\u00fcchten Haflinger seit 1992, also seit mehr als 30 Jahren. Zuerst am Stadtrand von Zutphen, im Weiler Leesten (daher der Name!), sp\u00e4ter in Wervershoof in Nordholland. Nach dem Umzug, nun vor 22 Jahren, haben wir mit der Hengsthaltung angefangen. Von Anfang an mit Hengsten, die in (Nord-, S\u00fcd- Ost-) Tirol gez\u00fcchtet und [&hellip;]","og_url":"https:\/\/www.haflingerhorses.eu\/de\/over-ons\/","og_site_name":"Leestensch Hof","article_modified_time":"2026-03-27T10:25:54+00:00","twitter_card":"summary_large_image","twitter_misc":{"Gesch\u00e4tzte Lesezeit":"1\u00a0Minute"},"schema":{"@context":"https:\/\/schema.org","@graph":[{"@type":"WebPage","@id":"https:\/\/www.haflingerhorses.eu\/de\/over-ons\/","url":"https:\/\/www.haflingerhorses.eu\/de\/over-ons\/","name":"\u00dcber uns - Leestensch Hof","isPartOf":{"@id":"https:\/\/www.haflingerhorses.eu\/de\/#website"},"datePublished":"2023-03-26T14:56:34+00:00","dateModified":"2026-03-27T10:25:54+00:00","breadcrumb":{"@id":"https:\/\/www.haflingerhorses.eu\/de\/over-ons\/#breadcrumb"},"inLanguage":"de","potentialAction":[{"@type":"ReadAction","target":["https:\/\/www.haflingerhorses.eu\/de\/over-ons\/"]}]},{"@type":"BreadcrumbList","@id":"https:\/\/www.haflingerhorses.eu\/de\/over-ons\/#breadcrumb","itemListElement":[{"@type":"ListItem","position":1,"name":"Home","item":"https:\/\/www.haflingerhorses.eu\/de\/"},{"@type":"ListItem","position":2,"name":"\u00dcber uns"}]},{"@type":"WebSite","@id":"https:\/\/www.haflingerhorses.eu\/de\/#website","url":"https:\/\/www.haflingerhorses.eu\/de\/","name":"Leestensch Hof","description":"Haflinger Hengstenhouderij &amp; SWS\/KI Station","potentialAction":[{"@type":"SearchAction","target":{"@type":"EntryPoint","urlTemplate":"https:\/\/www.haflingerhorses.eu\/de\/?s={search_term_string}"},"query-input":{"@type":"PropertyValueSpecification","valueRequired":true,"valueName":"search_term_string"}}],"inLanguage":"de"}]}},"_links":{"self":[{"href":"https:\/\/www.haflingerhorses.eu\/de\/wp-json\/wp\/v2\/pages\/460","targetHints":{"allow":["GET"]}}],"collection":[{"href":"https:\/\/www.haflingerhorses.eu\/de\/wp-json\/wp\/v2\/pages"}],"about":[{"href":"https:\/\/www.haflingerhorses.eu\/de\/wp-json\/wp\/v2\/types\/page"}],"author":[{"embeddable":true,"href":"https:\/\/www.haflingerhorses.eu\/de\/wp-json\/wp\/v2\/users\/1"}],"replies":[{"embeddable":true,"href":"https:\/\/www.haflingerhorses.eu\/de\/wp-json\/wp\/v2\/comments?post=460"}],"version-history":[{"count":12,"href":"https:\/\/www.haflingerhorses.eu\/de\/wp-json\/wp\/v2\/pages\/460\/revisions"}],"predecessor-version":[{"id":1711,"href":"https:\/\/www.haflingerhorses.eu\/de\/wp-json\/wp\/v2\/pages\/460\/revisions\/1711"}],"wp:attachment":[{"href":"https:\/\/www.haflingerhorses.eu\/de\/wp-json\/wp\/v2\/media?parent=460"}],"curies":[{"name":"wp","href":"https:\/\/api.w.org\/{rel}","templated":true}]}}