{"id":1287,"date":"2025-03-17T14:20:41","date_gmt":"2025-03-17T13:20:41","guid":{"rendered":"https:\/\/www.haflingerhorses.eu\/blitz-2\/"},"modified":"2026-03-27T11:11:18","modified_gmt":"2026-03-27T10:11:18","slug":"blitz-2","status":"publish","type":"page","link":"https:\/\/www.haflingerhorses.eu\/de\/blitz-2\/","title":{"rendered":"Blitz"},"content":{"rendered":"\t\t<div data-elementor-type=\"wp-page\" data-elementor-id=\"1287\" class=\"elementor elementor-1287 elementor-1202\" data-elementor-post-type=\"page\">\n\t\t\t\t\t\t<section class=\"elementor-section elementor-top-section elementor-element elementor-element-4ec6eb65 elementor-section-full_width elementor-section-height-min-height elementor-section-content-middle elementor-section-height-default elementor-section-items-middle\" data-id=\"4ec6eb65\" data-element_type=\"section\" data-e-type=\"section\">\n\t\t\t\t\t\t<div class=\"elementor-container elementor-column-gap-no\">\n\t\t\t\t\t<div class=\"elementor-column elementor-col-50 elementor-top-column elementor-element elementor-element-6f5d0e67\" data-id=\"6f5d0e67\" data-element_type=\"column\" data-e-type=\"column\">\n\t\t\t<div class=\"elementor-widget-wrap elementor-element-populated\">\n\t\t\t\t\t\t<div class=\"elementor-element elementor-element-7ae28d73 elementor-widget elementor-widget-heading\" data-id=\"7ae28d73\" data-element_type=\"widget\" data-e-type=\"widget\" data-widget_type=\"heading.default\">\n\t\t\t\t<div class=\"elementor-widget-container\">\n\t\t\t\t\t<h1 class=\"elementor-heading-title elementor-size-default\">Blitz van \u2019t Leestensch Hof<\/h1>\t\t\t\t<\/div>\n\t\t\t\t<\/div>\n\t\t\t\t<div class=\"elementor-element elementor-element-700e84db elementor-widget elementor-widget-button\" data-id=\"700e84db\" data-element_type=\"widget\" data-e-type=\"widget\" data-widget_type=\"button.default\">\n\t\t\t\t<div class=\"elementor-widget-container\">\n\t\t\t\t\t\t\t\t\t<div class=\"elementor-button-wrapper\">\n\t\t\t\t\t<a class=\"elementor-button elementor-button-link elementor-size-sm\" href=\"http:\/\/www.haflingerhorses.eu\/wp-content\/uploads\/2025\/03\/blitz-1.png\" target=\"_blank\">\n\t\t\t\t\t\t<span class=\"elementor-button-content-wrapper\">\n\t\t\t\t\t\t\t\t\t<span class=\"elementor-button-text\">Afstamming<\/span>\n\t\t\t\t\t<\/span>\n\t\t\t\t\t<\/a>\n\t\t\t\t<\/div>\n\t\t\t\t\t\t\t\t<\/div>\n\t\t\t\t<\/div>\n\t\t\t\t\t<\/div>\n\t\t<\/div>\n\t\t\t\t<div class=\"elementor-column elementor-col-50 elementor-top-column elementor-element elementor-element-5d5966e2\" data-id=\"5d5966e2\" data-element_type=\"column\" data-e-type=\"column\">\n\t\t\t<div class=\"elementor-widget-wrap elementor-element-populated\">\n\t\t\t\t\t\t<div class=\"elementor-element elementor-element-61543952 elementor-widget__width-initial elementor-widget-tablet__width-initial elementor-widget-mobile__width-initial elementor-invisible elementor-widget elementor-widget-image\" data-id=\"61543952\" data-element_type=\"widget\" data-e-type=\"widget\" data-settings=\"{&quot;_animation&quot;:&quot;fadeInRight&quot;}\" data-widget_type=\"image.default\">\n\t\t\t\t<div class=\"elementor-widget-container\">\n\t\t\t\t\t\t\t\t\t\t\t\t\t\t\t<img decoding=\"async\" src=\"https:\/\/www.haflingerhorses.eu\/wp-content\/uploads\/2026\/03\/Blitz-front-scaled.jpg\" title=\"Blitz front\" alt=\"Blitz front\" loading=\"lazy\" \/>\t\t\t\t\t\t\t\t\t\t\t\t\t\t\t<\/div>\n\t\t\t\t<\/div>\n\t\t\t\t<div class=\"elementor-element elementor-element-452d274e elementor-widget__width-initial elementor-widget-tablet__width-initial elementor-widget-mobile__width-initial elementor-invisible elementor-widget elementor-widget-image\" data-id=\"452d274e\" data-element_type=\"widget\" data-e-type=\"widget\" data-settings=\"{&quot;_animation&quot;:&quot;fadeInLeft&quot;}\" data-widget_type=\"image.default\">\n\t\t\t\t<div class=\"elementor-widget-container\">\n\t\t\t\t\t\t\t\t\t\t\t\t\t\t\t<img fetchpriority=\"high\" decoding=\"async\" width=\"800\" height=\"534\" src=\"https:\/\/www.haflingerhorses.eu\/wp-content\/uploads\/2025\/03\/Blitz-draf-2.jpg\" class=\"attachment-full size-full wp-image-1086\" alt=\"\" srcset=\"https:\/\/www.haflingerhorses.eu\/wp-content\/uploads\/2025\/03\/Blitz-draf-2.jpg 800w, https:\/\/www.haflingerhorses.eu\/wp-content\/uploads\/2025\/03\/Blitz-draf-2-300x200.jpg 300w, https:\/\/www.haflingerhorses.eu\/wp-content\/uploads\/2025\/03\/Blitz-draf-2-768x513.jpg 768w\" sizes=\"(max-width: 800px) 100vw, 800px\" \/>\t\t\t\t\t\t\t\t\t\t\t\t\t\t\t<\/div>\n\t\t\t\t<\/div>\n\t\t\t\t<div class=\"elementor-element elementor-element-1b1b89c8 elementor-invisible elementor-widget elementor-widget-image\" data-id=\"1b1b89c8\" data-element_type=\"widget\" data-e-type=\"widget\" data-settings=\"{&quot;_animation&quot;:&quot;fadeInDown&quot;}\" data-widget_type=\"image.default\">\n\t\t\t\t<div class=\"elementor-widget-container\">\n\t\t\t\t\t\t\t\t\t\t\t\t\t\t\t<img decoding=\"async\" width=\"800\" height=\"534\" src=\"https:\/\/www.haflingerhorses.eu\/wp-content\/uploads\/2025\/03\/Blitz-romp.jpg\" class=\"attachment-full size-full wp-image-1101\" alt=\"\" srcset=\"https:\/\/www.haflingerhorses.eu\/wp-content\/uploads\/2025\/03\/Blitz-romp.jpg 800w, https:\/\/www.haflingerhorses.eu\/wp-content\/uploads\/2025\/03\/Blitz-romp-300x200.jpg 300w, https:\/\/www.haflingerhorses.eu\/wp-content\/uploads\/2025\/03\/Blitz-romp-768x513.jpg 768w\" sizes=\"(max-width: 800px) 100vw, 800px\" \/>\t\t\t\t\t\t\t\t\t\t\t\t\t\t\t<\/div>\n\t\t\t\t<\/div>\n\t\t\t\t\t<\/div>\n\t\t<\/div>\n\t\t\t\t\t<\/div>\n\t\t<\/section>\n\t\t\t\t<section class=\"elementor-section elementor-top-section elementor-element elementor-element-3521e65 elementor-section-full_width elementor-section-content-middle elementor-section-height-default elementor-section-height-default\" data-id=\"3521e65\" data-element_type=\"section\" data-e-type=\"section\" data-settings=\"{&quot;background_background&quot;:&quot;classic&quot;}\">\n\t\t\t\t\t\t<div class=\"elementor-container elementor-column-gap-no\">\n\t\t\t\t\t<div class=\"elementor-column elementor-col-50 elementor-top-column elementor-element elementor-element-1abee76d\" data-id=\"1abee76d\" data-element_type=\"column\" data-e-type=\"column\">\n\t\t\t<div class=\"elementor-widget-wrap elementor-element-populated\">\n\t\t\t\t\t\t<div class=\"elementor-element elementor-element-25596269 elementor-widget elementor-widget-image\" data-id=\"25596269\" data-element_type=\"widget\" data-e-type=\"widget\" data-widget_type=\"image.default\">\n\t\t\t\t<div class=\"elementor-widget-container\">\n\t\t\t\t\t\t\t\t\t\t\t\t\t\t\t<img decoding=\"async\" width=\"800\" height=\"534\" src=\"https:\/\/www.haflingerhorses.eu\/wp-content\/uploads\/2025\/03\/Blitz-stand-licht-1024x683.jpg\" class=\"attachment-large size-large wp-image-1104\" alt=\"\" srcset=\"https:\/\/www.haflingerhorses.eu\/wp-content\/uploads\/2025\/03\/Blitz-stand-licht-1024x683.jpg 1024w, https:\/\/www.haflingerhorses.eu\/wp-content\/uploads\/2025\/03\/Blitz-stand-licht-300x200.jpg 300w, https:\/\/www.haflingerhorses.eu\/wp-content\/uploads\/2025\/03\/Blitz-stand-licht-768x512.jpg 768w, https:\/\/www.haflingerhorses.eu\/wp-content\/uploads\/2025\/03\/Blitz-stand-licht-1536x1024.jpg 1536w\" sizes=\"(max-width: 800px) 100vw, 800px\" \/>\t\t\t\t\t\t\t\t\t\t\t\t\t\t\t<\/div>\n\t\t\t\t<\/div>\n\t\t\t\t\t<\/div>\n\t\t<\/div>\n\t\t\t\t<div class=\"elementor-column elementor-col-50 elementor-top-column elementor-element elementor-element-60fc5993\" data-id=\"60fc5993\" data-element_type=\"column\" data-e-type=\"column\">\n\t\t\t<div class=\"elementor-widget-wrap elementor-element-populated\">\n\t\t\t\t\t\t<div class=\"elementor-element elementor-element-42af939d elementor-widget elementor-widget-heading\" data-id=\"42af939d\" data-element_type=\"widget\" data-e-type=\"widget\" data-widget_type=\"heading.default\">\n\t\t\t\t<div class=\"elementor-widget-container\">\n\t\t\t\t\t<h2 class=\"elementor-heading-title elementor-size-default\">Blitz van \u2019t Leestensch Hof<\/h2>\t\t\t\t<\/div>\n\t\t\t\t<\/div>\n\t\t\t\t<div class=\"elementor-element elementor-element-59c6aa90 elementor-widget__width-initial elementor-widget-tablet__width-inherit elementor-invisible elementor-widget elementor-widget-text-editor\" data-id=\"59c6aa90\" data-element_type=\"widget\" data-e-type=\"widget\" data-settings=\"{&quot;_animation&quot;:&quot;fadeInUp&quot;}\" data-widget_type=\"text-editor.default\">\n\t\t\t\t<div class=\"elementor-widget-container\">\n\t\t\t\t\t\t\t\t\t<p>Blitz wurde am 22. M\u00e4rz 2020 am Hof der Smeltink-Familie geboren.<\/p>\n<p>Er ist ein Sohn von Tahnee van &#8218;t Leestensch Hof, die Nationalsiegerin Topdame van de Wortel (Liz. Allacher) und Liz. Nordsee (Liz. Nordtirol) als Eltern hat.<\/p>\n<p>Blitzs Vater ist der bekannte Hengst Liz. Blickfang (Liz. Bergdorf)<\/p>\n<p>Blitz van &#8218;t Leestensch Hof wurde als Dreij\u00e4hriger in M\u00fcnster gek\u00f6rt. Im Jahr 2025 wurde er von der KVTH f\u00fcr die Niederlande zugelassen.<\/p>\n<p>Er beeindruckte vor allem durch seine sehr guten Bewegungen. Blitz ist ein sehr typischer Hengst mit langer schneewei\u00dfer M\u00e4hne und edlem Kopf.<\/p>\n<p>Die ersten Fohlen von Blitz haben bei K\u00f6rungen sehr gute Ergebnisse erzielt. Aus einer geringen Anzahl von Belegungen gingen die Siegerhengstfohlen im Norden der Niederlande, das Reservesiegerstutfohlen im Norden der Niederlande, das drittplatzierte Hengstfohlen im Osten der Niederlande und auch die Nationalreservesiegerfohlen in den Niederlanden hervor. Blitz ist PPSM-1 negativ. Er ist in der Station verf\u00fcgbar. Sein Stockma\u00df ist 1.51 m. Blitz wird in der Dressursport vorgestellt wo er das Z-1 (L) Niveau erreicht hat. Nur auf Station verf\u00fcgbar.<\/p>\n\t\t\t\t\t\t\t\t<\/div>\n\t\t\t\t<\/div>\n\t\t\t\t\t<\/div>\n\t\t<\/div>\n\t\t\t\t\t<\/div>\n\t\t<\/section>\n\t\t\t\t<section class=\"elementor-section elementor-top-section elementor-element elementor-element-7ce70828 elementor-section-boxed elementor-section-height-default elementor-section-height-default\" data-id=\"7ce70828\" data-element_type=\"section\" data-e-type=\"section\">\n\t\t\t\t\t\t<div class=\"elementor-container elementor-column-gap-default\">\n\t\t\t\t\t<div class=\"elementor-column elementor-col-100 elementor-top-column elementor-element elementor-element-40a5a164\" data-id=\"40a5a164\" data-element_type=\"column\" data-e-type=\"column\">\n\t\t\t<div class=\"elementor-widget-wrap elementor-element-populated\">\n\t\t\t\t\t\t\t<\/div>\n\t\t<\/div>\n\t\t\t\t\t<\/div>\n\t\t<\/section>\n\t\t\t\t<section class=\"elementor-section elementor-top-section elementor-element elementor-element-7cc89226 elementor-section-boxed elementor-section-height-default elementor-section-height-default\" data-id=\"7cc89226\" data-element_type=\"section\" data-e-type=\"section\">\n\t\t\t\t\t\t<div class=\"elementor-container elementor-column-gap-default\">\n\t\t\t\t\t<div class=\"elementor-column elementor-col-100 elementor-top-column elementor-element elementor-element-c2ef491\" data-id=\"c2ef491\" data-element_type=\"column\" data-e-type=\"column\">\n\t\t\t<div class=\"elementor-widget-wrap elementor-element-populated\">\n\t\t\t\t\t\t<div class=\"elementor-element elementor-element-206236af elementor-widget elementor-widget-heading\" data-id=\"206236af\" data-element_type=\"widget\" data-e-type=\"widget\" data-widget_type=\"heading.default\">\n\t\t\t\t<div class=\"elementor-widget-container\">\n\t\t\t\t\t<h2 class=\"elementor-heading-title elementor-size-default\">Foto overzicht<\/h2>\t\t\t\t<\/div>\n\t\t\t\t<\/div>\n\t\t\t\t<div class=\"elementor-element elementor-element-2d363279 gallery-spacing-custom elementor-widget elementor-widget-image-gallery\" data-id=\"2d363279\" data-element_type=\"widget\" data-e-type=\"widget\" data-widget_type=\"image-gallery.default\">\n\t\t\t\t<div class=\"elementor-widget-container\">\n\t\t\t\t\t\t\t<div class=\"elementor-image-gallery\">\n\t\t\t<div id='gallery-1' class='gallery galleryid-1287 gallery-columns-2 gallery-size-full'><figure class='gallery-item'>\n\t\t\t<div class='gallery-icon landscape'>\n\t\t\t\t<a data-elementor-open-lightbox=\"yes\" data-elementor-lightbox-slideshow=\"2d363279\" data-elementor-lightbox-title=\"Vera Blitz draf 2\" data-e-action-hash=\"#elementor-action%3Aaction%3Dlightbox%26settings%3DeyJpZCI6MTM2NiwidXJsIjoiaHR0cHM6XC9cL3d3dy5oYWZsaW5nZXJob3JzZXMuZXVcL3dwLWNvbnRlbnRcL3VwbG9hZHNcLzIwMjZcLzAzXC9WZXJhLUJsaXR6LWRyYWYtMi1zY2FsZWQuanBnIiwic2xpZGVzaG93IjoiMmQzNjMyNzkifQ%3D%3D\" href='https:\/\/www.haflingerhorses.eu\/wp-content\/uploads\/2026\/03\/Vera-Blitz-draf-2-scaled.jpg'><img loading=\"lazy\" decoding=\"async\" width=\"2560\" height=\"1708\" src=\"https:\/\/www.haflingerhorses.eu\/wp-content\/uploads\/2026\/03\/Vera-Blitz-draf-2-scaled.jpg\" class=\"attachment-full size-full\" alt=\"\" srcset=\"https:\/\/www.haflingerhorses.eu\/wp-content\/uploads\/2026\/03\/Vera-Blitz-draf-2-scaled.jpg 2560w, https:\/\/www.haflingerhorses.eu\/wp-content\/uploads\/2026\/03\/Vera-Blitz-draf-2-300x200.jpg 300w, https:\/\/www.haflingerhorses.eu\/wp-content\/uploads\/2026\/03\/Vera-Blitz-draf-2-1024x683.jpg 1024w, https:\/\/www.haflingerhorses.eu\/wp-content\/uploads\/2026\/03\/Vera-Blitz-draf-2-768x512.jpg 768w, https:\/\/www.haflingerhorses.eu\/wp-content\/uploads\/2026\/03\/Vera-Blitz-draf-2-1536x1025.jpg 1536w, https:\/\/www.haflingerhorses.eu\/wp-content\/uploads\/2026\/03\/Vera-Blitz-draf-2-2048x1366.jpg 2048w\" sizes=\"(max-width: 2560px) 100vw, 2560px\" \/><\/a>\n\t\t\t<\/div><\/figure><figure class='gallery-item'>\n\t\t\t<div class='gallery-icon landscape'>\n\t\t\t\t<a data-elementor-open-lightbox=\"yes\" data-elementor-lightbox-slideshow=\"2d363279\" data-elementor-lightbox-title=\"Vera Blitz draf 1\" data-e-action-hash=\"#elementor-action%3Aaction%3Dlightbox%26settings%3DeyJpZCI6MTQzOCwidXJsIjoiaHR0cHM6XC9cL3d3dy5oYWZsaW5nZXJob3JzZXMuZXVcL3dwLWNvbnRlbnRcL3VwbG9hZHNcLzIwMjZcLzAzXC9WZXJhLUJsaXR6LWRyYWYtMS1zY2FsZWQuanBnIiwic2xpZGVzaG93IjoiMmQzNjMyNzkifQ%3D%3D\" href='https:\/\/www.haflingerhorses.eu\/wp-content\/uploads\/2026\/03\/Vera-Blitz-draf-1-scaled.jpg'><img loading=\"lazy\" decoding=\"async\" width=\"2560\" height=\"1707\" src=\"https:\/\/www.haflingerhorses.eu\/wp-content\/uploads\/2026\/03\/Vera-Blitz-draf-1-scaled.jpg\" class=\"attachment-full size-full\" alt=\"\" srcset=\"https:\/\/www.haflingerhorses.eu\/wp-content\/uploads\/2026\/03\/Vera-Blitz-draf-1-scaled.jpg 2560w, https:\/\/www.haflingerhorses.eu\/wp-content\/uploads\/2026\/03\/Vera-Blitz-draf-1-300x200.jpg 300w, https:\/\/www.haflingerhorses.eu\/wp-content\/uploads\/2026\/03\/Vera-Blitz-draf-1-1024x683.jpg 1024w, https:\/\/www.haflingerhorses.eu\/wp-content\/uploads\/2026\/03\/Vera-Blitz-draf-1-768x512.jpg 768w, https:\/\/www.haflingerhorses.eu\/wp-content\/uploads\/2026\/03\/Vera-Blitz-draf-1-1536x1024.jpg 1536w, https:\/\/www.haflingerhorses.eu\/wp-content\/uploads\/2026\/03\/Vera-Blitz-draf-1-2048x1366.jpg 2048w\" sizes=\"(max-width: 2560px) 100vw, 2560px\" \/><\/a>\n\t\t\t<\/div><\/figure>\n\t\t<\/div>\n\t\t<\/div>\n\t\t\t\t\t\t<\/div>\n\t\t\t\t<\/div>\n\t\t\t\t\t<\/div>\n\t\t<\/div>\n\t\t\t\t\t<\/div>\n\t\t<\/section>\n\t\t\t\t<\/div>\n\t\t","protected":false},"excerpt":{"rendered":"<p>Blitz van \u2019t Leestensch Hof Afstamming Blitz van \u2019t Leestensch Hof Blitz wurde am 22. M\u00e4rz 2020 am Hof der Smeltink-Familie geboren. Er ist ein Sohn von Tahnee van &#8218;t Leestensch Hof, die Nationalsiegerin Topdame van de Wortel (Liz. Allacher) und Liz. Nordsee (Liz. Nordtirol) als Eltern hat. Blitzs Vater ist der bekannte Hengst Liz. [&hellip;]<\/p>\n","protected":false},"author":1,"featured_media":0,"parent":0,"menu_order":0,"comment_status":"closed","ping_status":"closed","template":"","meta":{"footnotes":""},"class_list":["post-1287","page","type-page","status-publish","hentry"],"yoast_head":"<!-- This site is optimized with the Yoast SEO plugin v27.5 - https:\/\/yoast.com\/product\/yoast-seo-wordpress\/ -->\n<title>Blitz - Leestensch Hof<\/title>\n<meta name=\"robots\" content=\"index, follow, max-snippet:-1, max-image-preview:large, max-video-preview:-1\" \/>\n<link rel=\"canonical\" href=\"https:\/\/www.haflingerhorses.eu\/de\/blitz-2\/\" \/>\n<meta property=\"og:locale\" content=\"de_DE\" \/>\n<meta property=\"og:type\" content=\"article\" \/>\n<meta property=\"og:title\" content=\"Blitz - Leestensch Hof\" \/>\n<meta property=\"og:description\" content=\"Blitz van \u2019t Leestensch Hof Afstamming Blitz van \u2019t Leestensch Hof Blitz wurde am 22. M\u00e4rz 2020 am Hof der Smeltink-Familie geboren. Er ist ein Sohn von Tahnee van &#8218;t Leestensch Hof, die Nationalsiegerin Topdame van de Wortel (Liz. Allacher) und Liz. Nordsee (Liz. Nordtirol) als Eltern hat. Blitzs Vater ist der bekannte Hengst Liz. [&hellip;]\" \/>\n<meta property=\"og:url\" content=\"https:\/\/www.haflingerhorses.eu\/de\/blitz-2\/\" \/>\n<meta property=\"og:site_name\" content=\"Leestensch Hof\" \/>\n<meta property=\"article:modified_time\" content=\"2026-03-27T10:11:18+00:00\" \/>\n<meta property=\"og:image\" content=\"http:\/\/www.haflingerhorses.eu\/wp-content\/uploads\/elementor\/thumbs\/Blitz-front-scaled-rkqe9dmubvhnin6dcszy0x90xxmkqfe5zbro3lh6cw.jpg\" \/>\n<meta name=\"twitter:card\" content=\"summary_large_image\" \/>\n<meta name=\"twitter:label1\" content=\"Gesch\u00e4tzte Lesezeit\" \/>\n\t<meta name=\"twitter:data1\" content=\"1\u00a0Minute\" \/>\n<script type=\"application\/ld+json\" class=\"yoast-schema-graph\">{\"@context\":\"https:\\\/\\\/schema.org\",\"@graph\":[{\"@type\":\"WebPage\",\"@id\":\"https:\\\/\\\/www.haflingerhorses.eu\\\/de\\\/blitz-2\\\/\",\"url\":\"https:\\\/\\\/www.haflingerhorses.eu\\\/de\\\/blitz-2\\\/\",\"name\":\"Blitz - Leestensch Hof\",\"isPartOf\":{\"@id\":\"https:\\\/\\\/www.haflingerhorses.eu\\\/de\\\/#website\"},\"primaryImageOfPage\":{\"@id\":\"https:\\\/\\\/www.haflingerhorses.eu\\\/de\\\/blitz-2\\\/#primaryimage\"},\"image\":{\"@id\":\"https:\\\/\\\/www.haflingerhorses.eu\\\/de\\\/blitz-2\\\/#primaryimage\"},\"thumbnailUrl\":\"http:\\\/\\\/www.haflingerhorses.eu\\\/wp-content\\\/uploads\\\/elementor\\\/thumbs\\\/Blitz-front-scaled-rkqe9dmubvhnin6dcszy0x90xxmkqfe5zbro3lh6cw.jpg\",\"datePublished\":\"2025-03-17T13:20:41+00:00\",\"dateModified\":\"2026-03-27T10:11:18+00:00\",\"breadcrumb\":{\"@id\":\"https:\\\/\\\/www.haflingerhorses.eu\\\/de\\\/blitz-2\\\/#breadcrumb\"},\"inLanguage\":\"de\",\"potentialAction\":[{\"@type\":\"ReadAction\",\"target\":[\"https:\\\/\\\/www.haflingerhorses.eu\\\/de\\\/blitz-2\\\/\"]}]},{\"@type\":\"ImageObject\",\"inLanguage\":\"de\",\"@id\":\"https:\\\/\\\/www.haflingerhorses.eu\\\/de\\\/blitz-2\\\/#primaryimage\",\"url\":\"http:\\\/\\\/www.haflingerhorses.eu\\\/wp-content\\\/uploads\\\/elementor\\\/thumbs\\\/Blitz-front-scaled-rkqe9dmubvhnin6dcszy0x90xxmkqfe5zbro3lh6cw.jpg\",\"contentUrl\":\"http:\\\/\\\/www.haflingerhorses.eu\\\/wp-content\\\/uploads\\\/elementor\\\/thumbs\\\/Blitz-front-scaled-rkqe9dmubvhnin6dcszy0x90xxmkqfe5zbro3lh6cw.jpg\"},{\"@type\":\"BreadcrumbList\",\"@id\":\"https:\\\/\\\/www.haflingerhorses.eu\\\/de\\\/blitz-2\\\/#breadcrumb\",\"itemListElement\":[{\"@type\":\"ListItem\",\"position\":1,\"name\":\"Home\",\"item\":\"https:\\\/\\\/www.haflingerhorses.eu\\\/de\\\/\"},{\"@type\":\"ListItem\",\"position\":2,\"name\":\"Blitz\"}]},{\"@type\":\"WebSite\",\"@id\":\"https:\\\/\\\/www.haflingerhorses.eu\\\/de\\\/#website\",\"url\":\"https:\\\/\\\/www.haflingerhorses.eu\\\/de\\\/\",\"name\":\"Leestensch Hof\",\"description\":\"Haflinger Hengstenhouderij &amp; SWS\\\/KI Station\",\"potentialAction\":[{\"@type\":\"SearchAction\",\"target\":{\"@type\":\"EntryPoint\",\"urlTemplate\":\"https:\\\/\\\/www.haflingerhorses.eu\\\/de\\\/?s={search_term_string}\"},\"query-input\":{\"@type\":\"PropertyValueSpecification\",\"valueRequired\":true,\"valueName\":\"search_term_string\"}}],\"inLanguage\":\"de\"}]}<\/script>\n<!-- \/ Yoast SEO plugin. -->","yoast_head_json":{"title":"Blitz - Leestensch Hof","robots":{"index":"index","follow":"follow","max-snippet":"max-snippet:-1","max-image-preview":"max-image-preview:large","max-video-preview":"max-video-preview:-1"},"canonical":"https:\/\/www.haflingerhorses.eu\/de\/blitz-2\/","og_locale":"de_DE","og_type":"article","og_title":"Blitz - Leestensch Hof","og_description":"Blitz van \u2019t Leestensch Hof Afstamming Blitz van \u2019t Leestensch Hof Blitz wurde am 22. M\u00e4rz 2020 am Hof der Smeltink-Familie geboren. Er ist ein Sohn von Tahnee van &#8218;t Leestensch Hof, die Nationalsiegerin Topdame van de Wortel (Liz. Allacher) und Liz. Nordsee (Liz. Nordtirol) als Eltern hat. Blitzs Vater ist der bekannte Hengst Liz. [&hellip;]","og_url":"https:\/\/www.haflingerhorses.eu\/de\/blitz-2\/","og_site_name":"Leestensch Hof","article_modified_time":"2026-03-27T10:11:18+00:00","og_image":[{"url":"http:\/\/www.haflingerhorses.eu\/wp-content\/uploads\/elementor\/thumbs\/Blitz-front-scaled-rkqe9dmubvhnin6dcszy0x90xxmkqfe5zbro3lh6cw.jpg","type":"","width":"","height":""}],"twitter_card":"summary_large_image","twitter_misc":{"Gesch\u00e4tzte Lesezeit":"1\u00a0Minute"},"schema":{"@context":"https:\/\/schema.org","@graph":[{"@type":"WebPage","@id":"https:\/\/www.haflingerhorses.eu\/de\/blitz-2\/","url":"https:\/\/www.haflingerhorses.eu\/de\/blitz-2\/","name":"Blitz - Leestensch Hof","isPartOf":{"@id":"https:\/\/www.haflingerhorses.eu\/de\/#website"},"primaryImageOfPage":{"@id":"https:\/\/www.haflingerhorses.eu\/de\/blitz-2\/#primaryimage"},"image":{"@id":"https:\/\/www.haflingerhorses.eu\/de\/blitz-2\/#primaryimage"},"thumbnailUrl":"http:\/\/www.haflingerhorses.eu\/wp-content\/uploads\/elementor\/thumbs\/Blitz-front-scaled-rkqe9dmubvhnin6dcszy0x90xxmkqfe5zbro3lh6cw.jpg","datePublished":"2025-03-17T13:20:41+00:00","dateModified":"2026-03-27T10:11:18+00:00","breadcrumb":{"@id":"https:\/\/www.haflingerhorses.eu\/de\/blitz-2\/#breadcrumb"},"inLanguage":"de","potentialAction":[{"@type":"ReadAction","target":["https:\/\/www.haflingerhorses.eu\/de\/blitz-2\/"]}]},{"@type":"ImageObject","inLanguage":"de","@id":"https:\/\/www.haflingerhorses.eu\/de\/blitz-2\/#primaryimage","url":"http:\/\/www.haflingerhorses.eu\/wp-content\/uploads\/elementor\/thumbs\/Blitz-front-scaled-rkqe9dmubvhnin6dcszy0x90xxmkqfe5zbro3lh6cw.jpg","contentUrl":"http:\/\/www.haflingerhorses.eu\/wp-content\/uploads\/elementor\/thumbs\/Blitz-front-scaled-rkqe9dmubvhnin6dcszy0x90xxmkqfe5zbro3lh6cw.jpg"},{"@type":"BreadcrumbList","@id":"https:\/\/www.haflingerhorses.eu\/de\/blitz-2\/#breadcrumb","itemListElement":[{"@type":"ListItem","position":1,"name":"Home","item":"https:\/\/www.haflingerhorses.eu\/de\/"},{"@type":"ListItem","position":2,"name":"Blitz"}]},{"@type":"WebSite","@id":"https:\/\/www.haflingerhorses.eu\/de\/#website","url":"https:\/\/www.haflingerhorses.eu\/de\/","name":"Leestensch Hof","description":"Haflinger Hengstenhouderij &amp; SWS\/KI Station","potentialAction":[{"@type":"SearchAction","target":{"@type":"EntryPoint","urlTemplate":"https:\/\/www.haflingerhorses.eu\/de\/?s={search_term_string}"},"query-input":{"@type":"PropertyValueSpecification","valueRequired":true,"valueName":"search_term_string"}}],"inLanguage":"de"}]}},"_links":{"self":[{"href":"https:\/\/www.haflingerhorses.eu\/de\/wp-json\/wp\/v2\/pages\/1287","targetHints":{"allow":["GET"]}}],"collection":[{"href":"https:\/\/www.haflingerhorses.eu\/de\/wp-json\/wp\/v2\/pages"}],"about":[{"href":"https:\/\/www.haflingerhorses.eu\/de\/wp-json\/wp\/v2\/types\/page"}],"author":[{"embeddable":true,"href":"https:\/\/www.haflingerhorses.eu\/de\/wp-json\/wp\/v2\/users\/1"}],"replies":[{"embeddable":true,"href":"https:\/\/www.haflingerhorses.eu\/de\/wp-json\/wp\/v2\/comments?post=1287"}],"version-history":[{"count":4,"href":"https:\/\/www.haflingerhorses.eu\/de\/wp-json\/wp\/v2\/pages\/1287\/revisions"}],"predecessor-version":[{"id":1698,"href":"https:\/\/www.haflingerhorses.eu\/de\/wp-json\/wp\/v2\/pages\/1287\/revisions\/1698"}],"wp:attachment":[{"href":"https:\/\/www.haflingerhorses.eu\/de\/wp-json\/wp\/v2\/media?parent=1287"}],"curies":[{"name":"wp","href":"https:\/\/api.w.org\/{rel}","templated":true}]}}