{"id":1285,"date":"2025-03-17T14:10:09","date_gmt":"2025-03-17T13:10:09","guid":{"rendered":"https:\/\/www.haflingerhorses.eu\/amino\/"},"modified":"2026-03-27T11:10:15","modified_gmt":"2026-03-27T10:10:15","slug":"amino","status":"publish","type":"page","link":"https:\/\/www.haflingerhorses.eu\/de\/amino\/","title":{"rendered":"Amino"},"content":{"rendered":"\t\t<div data-elementor-type=\"wp-page\" data-elementor-id=\"1285\" class=\"elementor elementor-1285 elementor-1200\" data-elementor-post-type=\"page\">\n\t\t\t\t\t\t<section class=\"elementor-section elementor-top-section elementor-element elementor-element-4ec6eb65 elementor-section-full_width elementor-section-height-min-height elementor-section-content-middle elementor-section-height-default elementor-section-items-middle\" data-id=\"4ec6eb65\" data-element_type=\"section\" data-e-type=\"section\">\n\t\t\t\t\t\t<div class=\"elementor-container elementor-column-gap-no\">\n\t\t\t\t\t<div class=\"elementor-column elementor-col-50 elementor-top-column elementor-element elementor-element-6f5d0e67\" data-id=\"6f5d0e67\" data-element_type=\"column\" data-e-type=\"column\">\n\t\t\t<div class=\"elementor-widget-wrap elementor-element-populated\">\n\t\t\t\t\t\t<div class=\"elementor-element elementor-element-7ae28d73 elementor-widget elementor-widget-heading\" data-id=\"7ae28d73\" data-element_type=\"widget\" data-e-type=\"widget\" data-widget_type=\"heading.default\">\n\t\t\t\t<div class=\"elementor-widget-container\">\n\t\t\t\t\t<h1 class=\"elementor-heading-title elementor-size-default\">Amino<\/h1>\t\t\t\t<\/div>\n\t\t\t\t<\/div>\n\t\t\t\t<div class=\"elementor-element elementor-element-700e84db elementor-widget elementor-widget-button\" data-id=\"700e84db\" data-element_type=\"widget\" data-e-type=\"widget\" data-widget_type=\"button.default\">\n\t\t\t\t<div class=\"elementor-widget-container\">\n\t\t\t\t\t\t\t\t\t<div class=\"elementor-button-wrapper\">\n\t\t\t\t\t<a class=\"elementor-button elementor-button-link elementor-size-sm\" href=\"http:\/\/www.haflingerhorses.eu\/wp-content\/uploads\/2025\/03\/liz.612-1.png\" target=\"_blank\">\n\t\t\t\t\t\t<span class=\"elementor-button-content-wrapper\">\n\t\t\t\t\t\t\t\t\t<span class=\"elementor-button-text\">Afstamming<\/span>\n\t\t\t\t\t<\/span>\n\t\t\t\t\t<\/a>\n\t\t\t\t<\/div>\n\t\t\t\t\t\t\t\t<\/div>\n\t\t\t\t<\/div>\n\t\t\t\t\t<\/div>\n\t\t<\/div>\n\t\t\t\t<div class=\"elementor-column elementor-col-50 elementor-top-column elementor-element elementor-element-5d5966e2\" data-id=\"5d5966e2\" data-element_type=\"column\" data-e-type=\"column\">\n\t\t\t<div class=\"elementor-widget-wrap elementor-element-populated\">\n\t\t\t\t\t\t<div class=\"elementor-element elementor-element-61543952 elementor-widget__width-initial elementor-widget-tablet__width-initial elementor-widget-mobile__width-initial elementor-invisible elementor-widget elementor-widget-image\" data-id=\"61543952\" data-element_type=\"widget\" data-e-type=\"widget\" data-settings=\"{&quot;_animation&quot;:&quot;fadeInRight&quot;}\" data-widget_type=\"image.default\">\n\t\t\t\t<div class=\"elementor-widget-container\">\n\t\t\t\t\t\t\t\t\t\t\t\t\t\t\t<img fetchpriority=\"high\" decoding=\"async\" width=\"8175\" height=\"5453\" src=\"https:\/\/www.haflingerhorses.eu\/wp-content\/uploads\/2025\/03\/Amino-portret-licht.jpg\" class=\"attachment-full size-full wp-image-1056\" alt=\"\" srcset=\"https:\/\/www.haflingerhorses.eu\/wp-content\/uploads\/2025\/03\/Amino-portret-licht.jpg 8175w, https:\/\/www.haflingerhorses.eu\/wp-content\/uploads\/2025\/03\/Amino-portret-licht-300x200.jpg 300w, https:\/\/www.haflingerhorses.eu\/wp-content\/uploads\/2025\/03\/Amino-portret-licht-1024x683.jpg 1024w, https:\/\/www.haflingerhorses.eu\/wp-content\/uploads\/2025\/03\/Amino-portret-licht-768x512.jpg 768w, https:\/\/www.haflingerhorses.eu\/wp-content\/uploads\/2025\/03\/Amino-portret-licht-1536x1025.jpg 1536w\" sizes=\"(max-width: 8175px) 100vw, 8175px\" \/>\t\t\t\t\t\t\t\t\t\t\t\t\t\t\t<\/div>\n\t\t\t\t<\/div>\n\t\t\t\t<div class=\"elementor-element elementor-element-452d274e elementor-widget__width-initial elementor-widget-tablet__width-initial elementor-widget-mobile__width-initial elementor-invisible elementor-widget elementor-widget-image\" data-id=\"452d274e\" data-element_type=\"widget\" data-e-type=\"widget\" data-settings=\"{&quot;_animation&quot;:&quot;fadeInLeft&quot;}\" data-widget_type=\"image.default\">\n\t\t\t\t<div class=\"elementor-widget-container\">\n\t\t\t\t\t\t\t\t\t\t\t\t\t\t\t<img decoding=\"async\" width=\"8192\" height=\"5464\" src=\"https:\/\/www.haflingerhorses.eu\/wp-content\/uploads\/2026\/03\/Amino-romp.jpg\" class=\"attachment-full size-full wp-image-1384\" alt=\"\" srcset=\"https:\/\/www.haflingerhorses.eu\/wp-content\/uploads\/2026\/03\/Amino-romp.jpg 8192w, https:\/\/www.haflingerhorses.eu\/wp-content\/uploads\/2026\/03\/Amino-romp-300x200.jpg 300w, https:\/\/www.haflingerhorses.eu\/wp-content\/uploads\/2026\/03\/Amino-romp-1024x683.jpg 1024w, https:\/\/www.haflingerhorses.eu\/wp-content\/uploads\/2026\/03\/Amino-romp-768x512.jpg 768w, https:\/\/www.haflingerhorses.eu\/wp-content\/uploads\/2026\/03\/Amino-romp-1536x1025.jpg 1536w\" sizes=\"(max-width: 8192px) 100vw, 8192px\" \/>\t\t\t\t\t\t\t\t\t\t\t\t\t\t\t<\/div>\n\t\t\t\t<\/div>\n\t\t\t\t<div class=\"elementor-element elementor-element-1b1b89c8 elementor-invisible elementor-widget elementor-widget-image\" data-id=\"1b1b89c8\" data-element_type=\"widget\" data-e-type=\"widget\" data-settings=\"{&quot;_animation&quot;:&quot;fadeInDown&quot;}\" data-widget_type=\"image.default\">\n\t\t\t\t<div class=\"elementor-widget-container\">\n\t\t\t\t\t\t\t\t\t\t\t\t\t\t\t<img decoding=\"async\" width=\"2560\" height=\"2028\" src=\"https:\/\/www.haflingerhorses.eu\/wp-content\/uploads\/2025\/03\/Amino-stand-licht-scaled.jpg\" class=\"attachment-full size-full wp-image-1062\" alt=\"\" srcset=\"https:\/\/www.haflingerhorses.eu\/wp-content\/uploads\/2025\/03\/Amino-stand-licht-scaled.jpg 2560w, https:\/\/www.haflingerhorses.eu\/wp-content\/uploads\/2025\/03\/Amino-stand-licht-300x238.jpg 300w, https:\/\/www.haflingerhorses.eu\/wp-content\/uploads\/2025\/03\/Amino-stand-licht-1024x811.jpg 1024w, https:\/\/www.haflingerhorses.eu\/wp-content\/uploads\/2025\/03\/Amino-stand-licht-768x608.jpg 768w, https:\/\/www.haflingerhorses.eu\/wp-content\/uploads\/2025\/03\/Amino-stand-licht-1536x1217.jpg 1536w, https:\/\/www.haflingerhorses.eu\/wp-content\/uploads\/2025\/03\/Amino-stand-licht-2048x1623.jpg 2048w\" sizes=\"(max-width: 2560px) 100vw, 2560px\" \/>\t\t\t\t\t\t\t\t\t\t\t\t\t\t\t<\/div>\n\t\t\t\t<\/div>\n\t\t\t\t\t<\/div>\n\t\t<\/div>\n\t\t\t\t\t<\/div>\n\t\t<\/section>\n\t\t\t\t<section class=\"elementor-section elementor-top-section elementor-element elementor-element-3521e65 elementor-section-full_width elementor-section-content-middle elementor-section-height-default elementor-section-height-default\" data-id=\"3521e65\" data-element_type=\"section\" data-e-type=\"section\" data-settings=\"{&quot;background_background&quot;:&quot;classic&quot;}\">\n\t\t\t\t\t\t<div class=\"elementor-container elementor-column-gap-no\">\n\t\t\t\t\t<div class=\"elementor-column elementor-col-50 elementor-top-column elementor-element elementor-element-1abee76d\" data-id=\"1abee76d\" data-element_type=\"column\" data-e-type=\"column\">\n\t\t\t<div class=\"elementor-widget-wrap elementor-element-populated\">\n\t\t\t\t\t\t<div class=\"elementor-element elementor-element-25596269 elementor-widget elementor-widget-image\" data-id=\"25596269\" data-element_type=\"widget\" data-e-type=\"widget\" data-widget_type=\"image.default\">\n\t\t\t\t<div class=\"elementor-widget-container\">\n\t\t\t\t\t\t\t\t\t\t\t\t\t\t\t<img loading=\"lazy\" decoding=\"async\" width=\"800\" height=\"534\" src=\"https:\/\/www.haflingerhorses.eu\/wp-content\/uploads\/2025\/03\/Amino-stand-lint-licht-1024x683.jpg\" class=\"attachment-large size-large wp-image-1065\" alt=\"\" srcset=\"https:\/\/www.haflingerhorses.eu\/wp-content\/uploads\/2025\/03\/Amino-stand-lint-licht-1024x683.jpg 1024w, https:\/\/www.haflingerhorses.eu\/wp-content\/uploads\/2025\/03\/Amino-stand-lint-licht-300x200.jpg 300w, https:\/\/www.haflingerhorses.eu\/wp-content\/uploads\/2025\/03\/Amino-stand-lint-licht-768x512.jpg 768w, https:\/\/www.haflingerhorses.eu\/wp-content\/uploads\/2025\/03\/Amino-stand-lint-licht-1536x1024.jpg 1536w, https:\/\/www.haflingerhorses.eu\/wp-content\/uploads\/2025\/03\/Amino-stand-lint-licht-2048x1366.jpg 2048w\" sizes=\"(max-width: 800px) 100vw, 800px\" \/>\t\t\t\t\t\t\t\t\t\t\t\t\t\t\t<\/div>\n\t\t\t\t<\/div>\n\t\t\t\t\t<\/div>\n\t\t<\/div>\n\t\t\t\t<div class=\"elementor-column elementor-col-50 elementor-top-column elementor-element elementor-element-60fc5993\" data-id=\"60fc5993\" data-element_type=\"column\" data-e-type=\"column\">\n\t\t\t<div class=\"elementor-widget-wrap elementor-element-populated\">\n\t\t\t\t\t\t<div class=\"elementor-element elementor-element-42af939d elementor-widget elementor-widget-heading\" data-id=\"42af939d\" data-element_type=\"widget\" data-e-type=\"widget\" data-widget_type=\"heading.default\">\n\t\t\t\t<div class=\"elementor-widget-container\">\n\t\t\t\t\t<h2 class=\"elementor-heading-title elementor-size-default\">Liz. 612\/T. Amino<\/h2>\t\t\t\t<\/div>\n\t\t\t\t<\/div>\n\t\t\t\t<div class=\"elementor-element elementor-element-59c6aa90 elementor-widget__width-initial elementor-widget-tablet__width-inherit elementor-invisible elementor-widget elementor-widget-text-editor\" data-id=\"59c6aa90\" data-element_type=\"widget\" data-e-type=\"widget\" data-settings=\"{&quot;_animation&quot;:&quot;fadeInUp&quot;}\" data-widget_type=\"text-editor.default\">\n\t\t\t\t<div class=\"elementor-widget-container\">\n\t\t\t\t\t\t\t\t\t<p>Amino wurde am 2. Februar in Tirol gek\u00f6rt und als 2. Reservemeister platziert.<\/p>\n<p>Er wurde mit einem Durchschnitt von 8,01, einem Durchschnitt von 8,75 f\u00fcr den Typ und einem Durchschnitt von 7,9 f\u00fcr Bewegung und Bewegungskorrektheit aufgenommen.<\/p>\n<p>Aminos Mutter, Esprit, wurde 2003 in Nadine W\u00f6rle in Musau, Tirol, geboren.\u00a0 Sie ist eine Tochter von Weltbild, die aus einer gute Mutterlinie stammt<\/p>\n<p>Neben zwei zugelassenen Hengsten hat sie zwei Hengstkandidaten f\u00fcr die HPT hervorgebracht. Gro\u00dfmutter Elisa wurde 1996 mit 79 Punkten zur Elite erkl\u00e4rt<\/p>\n<p>Aminos Vater, Almk\u00f6nig, wurde 2013 im bekannten Zuchtstall der Familie Gruber in Kolsa\u03b2berg geboren. Er ist einer der letzten S\u00f6hne von Almquell.<\/p>\n<p>Seine Mutter Ashonata stammt aus der bew\u00e4hrten Kombination Wolfgang x Abba. Er wurde 2016 gek\u00f6rt und belegte den dritten Platz. Sp\u00e4ter im selben Jahr wurde er 1. in der HLP.<\/p>\n<p>Almk\u00f6nig hat f\u00fcnf S\u00f6hne, die in Tirol zugelassen wurden: Amanto, Alpenstrom, Akiru, Amino und Reservesieger 2026, Almwirt.<\/p>\n<p>Amino wird sowohl in der Dressur als auch im Gespann geritten. Amino ist PSSM-1-negativ. Seine Widerristh\u04e7he ist 1.52 m.<\/p>\n<p>Aminos erste Fohlen sind vielversprechend, schick mit viel Rasse-ausstrahlung und Charisma. Frisch-versandsamen in ganz Europa erh\u00e4ltlich<\/p>\n\t\t\t\t\t\t\t\t<\/div>\n\t\t\t\t<\/div>\n\t\t\t\t\t<\/div>\n\t\t<\/div>\n\t\t\t\t\t<\/div>\n\t\t<\/section>\n\t\t\t\t<section class=\"elementor-section elementor-top-section elementor-element elementor-element-7ce70828 elementor-section-boxed elementor-section-height-default elementor-section-height-default\" data-id=\"7ce70828\" data-element_type=\"section\" data-e-type=\"section\">\n\t\t\t\t\t\t<div class=\"elementor-container elementor-column-gap-default\">\n\t\t\t\t\t<div class=\"elementor-column elementor-col-100 elementor-top-column elementor-element elementor-element-40a5a164\" data-id=\"40a5a164\" data-element_type=\"column\" data-e-type=\"column\">\n\t\t\t<div class=\"elementor-widget-wrap elementor-element-populated\">\n\t\t\t\t\t\t\t<\/div>\n\t\t<\/div>\n\t\t\t\t\t<\/div>\n\t\t<\/section>\n\t\t\t\t<section class=\"elementor-section elementor-top-section elementor-element elementor-element-7cc89226 elementor-section-boxed elementor-section-height-default elementor-section-height-default\" data-id=\"7cc89226\" data-element_type=\"section\" data-e-type=\"section\">\n\t\t\t\t\t\t<div class=\"elementor-container elementor-column-gap-default\">\n\t\t\t\t\t<div class=\"elementor-column elementor-col-100 elementor-top-column elementor-element elementor-element-c2ef491\" data-id=\"c2ef491\" data-element_type=\"column\" data-e-type=\"column\">\n\t\t\t<div class=\"elementor-widget-wrap elementor-element-populated\">\n\t\t\t\t\t\t<div class=\"elementor-element elementor-element-206236af elementor-widget elementor-widget-heading\" data-id=\"206236af\" data-element_type=\"widget\" data-e-type=\"widget\" data-widget_type=\"heading.default\">\n\t\t\t\t<div class=\"elementor-widget-container\">\n\t\t\t\t\t<h2 class=\"elementor-heading-title elementor-size-default\">Foto overzicht<\/h2>\t\t\t\t<\/div>\n\t\t\t\t<\/div>\n\t\t\t\t<div class=\"elementor-element elementor-element-2d363279 gallery-spacing-custom elementor-widget elementor-widget-image-gallery\" data-id=\"2d363279\" data-element_type=\"widget\" data-e-type=\"widget\" data-widget_type=\"image-gallery.default\">\n\t\t\t\t<div class=\"elementor-widget-container\">\n\t\t\t\t\t\t\t<div class=\"elementor-image-gallery\">\n\t\t\t<div id='gallery-1' class='gallery galleryid-1285 gallery-columns-3 gallery-size-full'><figure class='gallery-item'>\n\t\t\t<div class='gallery-icon landscape'>\n\t\t\t\t<a data-elementor-open-lightbox=\"yes\" data-elementor-lightbox-slideshow=\"2d363279\" data-elementor-lightbox-title=\"Amino front licht\" data-e-action-hash=\"#elementor-action%3Aaction%3Dlightbox%26settings%3DeyJpZCI6MTA1MCwidXJsIjoiaHR0cHM6XC9cL3d3dy5oYWZsaW5nZXJob3JzZXMuZXVcL3dwLWNvbnRlbnRcL3VwbG9hZHNcLzIwMjVcLzAzXC9BbWluby1mcm9udC1saWNodC1zY2FsZWQuanBnIiwic2xpZGVzaG93IjoiMmQzNjMyNzkifQ%3D%3D\" href='https:\/\/www.haflingerhorses.eu\/wp-content\/uploads\/2025\/03\/Amino-front-licht-scaled.jpg'><img loading=\"lazy\" decoding=\"async\" width=\"2560\" height=\"1708\" src=\"https:\/\/www.haflingerhorses.eu\/wp-content\/uploads\/2025\/03\/Amino-front-licht-scaled.jpg\" class=\"attachment-full size-full\" alt=\"\" srcset=\"https:\/\/www.haflingerhorses.eu\/wp-content\/uploads\/2025\/03\/Amino-front-licht-scaled.jpg 2560w, https:\/\/www.haflingerhorses.eu\/wp-content\/uploads\/2025\/03\/Amino-front-licht-300x200.jpg 300w, https:\/\/www.haflingerhorses.eu\/wp-content\/uploads\/2025\/03\/Amino-front-licht-1024x683.jpg 1024w, https:\/\/www.haflingerhorses.eu\/wp-content\/uploads\/2025\/03\/Amino-front-licht-768x512.jpg 768w, https:\/\/www.haflingerhorses.eu\/wp-content\/uploads\/2025\/03\/Amino-front-licht-1536x1025.jpg 1536w, https:\/\/www.haflingerhorses.eu\/wp-content\/uploads\/2025\/03\/Amino-front-licht-2048x1366.jpg 2048w\" sizes=\"(max-width: 2560px) 100vw, 2560px\" \/><\/a>\n\t\t\t<\/div><\/figure><figure class='gallery-item'>\n\t\t\t<div class='gallery-icon landscape'>\n\t\t\t\t<a data-elementor-open-lightbox=\"yes\" data-elementor-lightbox-slideshow=\"2d363279\" data-elementor-lightbox-title=\"Amino draf\" data-e-action-hash=\"#elementor-action%3Aaction%3Dlightbox%26settings%3DeyJpZCI6MTM4MSwidXJsIjoiaHR0cHM6XC9cL3d3dy5oYWZsaW5nZXJob3JzZXMuZXVcL3dwLWNvbnRlbnRcL3VwbG9hZHNcLzIwMjZcLzAzXC9BbWluby1kcmFmLXNjYWxlZC5qcGciLCJzbGlkZXNob3ciOiIyZDM2MzI3OSJ9\" href='https:\/\/www.haflingerhorses.eu\/wp-content\/uploads\/2026\/03\/Amino-draf-scaled.jpg'><img loading=\"lazy\" decoding=\"async\" width=\"2560\" height=\"1707\" src=\"https:\/\/www.haflingerhorses.eu\/wp-content\/uploads\/2026\/03\/Amino-draf-scaled.jpg\" class=\"attachment-full size-full\" alt=\"\" srcset=\"https:\/\/www.haflingerhorses.eu\/wp-content\/uploads\/2026\/03\/Amino-draf-scaled.jpg 2560w, https:\/\/www.haflingerhorses.eu\/wp-content\/uploads\/2026\/03\/Amino-draf-300x200.jpg 300w, https:\/\/www.haflingerhorses.eu\/wp-content\/uploads\/2026\/03\/Amino-draf-1024x683.jpg 1024w, https:\/\/www.haflingerhorses.eu\/wp-content\/uploads\/2026\/03\/Amino-draf-768x512.jpg 768w, https:\/\/www.haflingerhorses.eu\/wp-content\/uploads\/2026\/03\/Amino-draf-1536x1024.jpg 1536w, https:\/\/www.haflingerhorses.eu\/wp-content\/uploads\/2026\/03\/Amino-draf-2048x1366.jpg 2048w\" sizes=\"(max-width: 2560px) 100vw, 2560px\" \/><\/a>\n\t\t\t<\/div><\/figure><figure class='gallery-item'>\n\t\t\t<div class='gallery-icon landscape'>\n\t\t\t\t<a data-elementor-open-lightbox=\"yes\" data-elementor-lightbox-slideshow=\"2d363279\" data-elementor-lightbox-title=\"Amino stand\" data-e-action-hash=\"#elementor-action%3Aaction%3Dlightbox%26settings%3DeyJpZCI6MTM4NywidXJsIjoiaHR0cHM6XC9cL3d3dy5oYWZsaW5nZXJob3JzZXMuZXVcL3dwLWNvbnRlbnRcL3VwbG9hZHNcLzIwMjZcLzAzXC9BbWluby1zdGFuZC1zY2FsZWQuanBnIiwic2xpZGVzaG93IjoiMmQzNjMyNzkifQ%3D%3D\" href='https:\/\/www.haflingerhorses.eu\/wp-content\/uploads\/2026\/03\/Amino-stand-scaled.jpg'><img loading=\"lazy\" decoding=\"async\" width=\"2560\" height=\"1708\" src=\"https:\/\/www.haflingerhorses.eu\/wp-content\/uploads\/2026\/03\/Amino-stand-scaled.jpg\" class=\"attachment-full size-full\" alt=\"\" srcset=\"https:\/\/www.haflingerhorses.eu\/wp-content\/uploads\/2026\/03\/Amino-stand-scaled.jpg 2560w, https:\/\/www.haflingerhorses.eu\/wp-content\/uploads\/2026\/03\/Amino-stand-300x200.jpg 300w, https:\/\/www.haflingerhorses.eu\/wp-content\/uploads\/2026\/03\/Amino-stand-1024x683.jpg 1024w, https:\/\/www.haflingerhorses.eu\/wp-content\/uploads\/2026\/03\/Amino-stand-768x512.jpg 768w, https:\/\/www.haflingerhorses.eu\/wp-content\/uploads\/2026\/03\/Amino-stand-1536x1025.jpg 1536w, https:\/\/www.haflingerhorses.eu\/wp-content\/uploads\/2026\/03\/Amino-stand-2048x1366.jpg 2048w\" sizes=\"(max-width: 2560px) 100vw, 2560px\" \/><\/a>\n\t\t\t<\/div><\/figure>\n\t\t<\/div>\n\t\t<\/div>\n\t\t\t\t\t\t<\/div>\n\t\t\t\t<\/div>\n\t\t\t\t\t<\/div>\n\t\t<\/div>\n\t\t\t\t\t<\/div>\n\t\t<\/section>\n\t\t\t\t<\/div>\n\t\t","protected":false},"excerpt":{"rendered":"<p>Amino Afstamming Liz. 612\/T. Amino Amino wurde am 2. Februar in Tirol gek\u00f6rt und als 2. Reservemeister platziert. Er wurde mit einem Durchschnitt von 8,01, einem Durchschnitt von 8,75 f\u00fcr den Typ und einem Durchschnitt von 7,9 f\u00fcr Bewegung und Bewegungskorrektheit aufgenommen. Aminos Mutter, Esprit, wurde 2003 in Nadine W\u00f6rle in Musau, Tirol, geboren.\u00a0 Sie [&hellip;]<\/p>\n","protected":false},"author":1,"featured_media":0,"parent":0,"menu_order":0,"comment_status":"closed","ping_status":"closed","template":"","meta":{"footnotes":""},"class_list":["post-1285","page","type-page","status-publish","hentry"],"yoast_head":"<!-- This site is optimized with the Yoast SEO plugin v27.5 - https:\/\/yoast.com\/product\/yoast-seo-wordpress\/ -->\n<title>Amino - Leestensch Hof<\/title>\n<meta name=\"robots\" content=\"index, follow, max-snippet:-1, max-image-preview:large, max-video-preview:-1\" \/>\n<link rel=\"canonical\" href=\"https:\/\/www.haflingerhorses.eu\/de\/amino\/\" \/>\n<meta property=\"og:locale\" content=\"de_DE\" \/>\n<meta property=\"og:type\" content=\"article\" \/>\n<meta property=\"og:title\" content=\"Amino - Leestensch Hof\" \/>\n<meta property=\"og:description\" content=\"Amino Afstamming Liz. 612\/T. Amino Amino wurde am 2. Februar in Tirol gek\u00f6rt und als 2. Reservemeister platziert. Er wurde mit einem Durchschnitt von 8,01, einem Durchschnitt von 8,75 f\u00fcr den Typ und einem Durchschnitt von 7,9 f\u00fcr Bewegung und Bewegungskorrektheit aufgenommen. Aminos Mutter, Esprit, wurde 2003 in Nadine W\u00f6rle in Musau, Tirol, geboren.\u00a0 Sie [&hellip;]\" \/>\n<meta property=\"og:url\" content=\"https:\/\/www.haflingerhorses.eu\/de\/amino\/\" \/>\n<meta property=\"og:site_name\" content=\"Leestensch Hof\" \/>\n<meta property=\"article:modified_time\" content=\"2026-03-27T10:10:15+00:00\" \/>\n<meta property=\"og:image\" content=\"https:\/\/www.haflingerhorses.eu\/wp-content\/uploads\/2025\/03\/Amino-portret-licht.jpg\" \/>\n\t<meta property=\"og:image:width\" content=\"8175\" \/>\n\t<meta property=\"og:image:height\" content=\"5453\" \/>\n\t<meta property=\"og:image:type\" content=\"image\/jpeg\" \/>\n<meta name=\"twitter:card\" content=\"summary_large_image\" \/>\n<meta name=\"twitter:label1\" content=\"Gesch\u00e4tzte Lesezeit\" \/>\n\t<meta name=\"twitter:data1\" content=\"1\u00a0Minute\" \/>\n<script type=\"application\/ld+json\" class=\"yoast-schema-graph\">{\"@context\":\"https:\\\/\\\/schema.org\",\"@graph\":[{\"@type\":\"WebPage\",\"@id\":\"https:\\\/\\\/www.haflingerhorses.eu\\\/de\\\/amino\\\/\",\"url\":\"https:\\\/\\\/www.haflingerhorses.eu\\\/de\\\/amino\\\/\",\"name\":\"Amino - Leestensch Hof\",\"isPartOf\":{\"@id\":\"https:\\\/\\\/www.haflingerhorses.eu\\\/de\\\/#website\"},\"primaryImageOfPage\":{\"@id\":\"https:\\\/\\\/www.haflingerhorses.eu\\\/de\\\/amino\\\/#primaryimage\"},\"image\":{\"@id\":\"https:\\\/\\\/www.haflingerhorses.eu\\\/de\\\/amino\\\/#primaryimage\"},\"thumbnailUrl\":\"http:\\\/\\\/www.haflingerhorses.eu\\\/wp-content\\\/uploads\\\/2025\\\/03\\\/Amino-portret-licht.jpg\",\"datePublished\":\"2025-03-17T13:10:09+00:00\",\"dateModified\":\"2026-03-27T10:10:15+00:00\",\"breadcrumb\":{\"@id\":\"https:\\\/\\\/www.haflingerhorses.eu\\\/de\\\/amino\\\/#breadcrumb\"},\"inLanguage\":\"de\",\"potentialAction\":[{\"@type\":\"ReadAction\",\"target\":[\"https:\\\/\\\/www.haflingerhorses.eu\\\/de\\\/amino\\\/\"]}]},{\"@type\":\"ImageObject\",\"inLanguage\":\"de\",\"@id\":\"https:\\\/\\\/www.haflingerhorses.eu\\\/de\\\/amino\\\/#primaryimage\",\"url\":\"http:\\\/\\\/www.haflingerhorses.eu\\\/wp-content\\\/uploads\\\/2025\\\/03\\\/Amino-portret-licht.jpg\",\"contentUrl\":\"http:\\\/\\\/www.haflingerhorses.eu\\\/wp-content\\\/uploads\\\/2025\\\/03\\\/Amino-portret-licht.jpg\"},{\"@type\":\"BreadcrumbList\",\"@id\":\"https:\\\/\\\/www.haflingerhorses.eu\\\/de\\\/amino\\\/#breadcrumb\",\"itemListElement\":[{\"@type\":\"ListItem\",\"position\":1,\"name\":\"Home\",\"item\":\"https:\\\/\\\/www.haflingerhorses.eu\\\/de\\\/\"},{\"@type\":\"ListItem\",\"position\":2,\"name\":\"Amino\"}]},{\"@type\":\"WebSite\",\"@id\":\"https:\\\/\\\/www.haflingerhorses.eu\\\/de\\\/#website\",\"url\":\"https:\\\/\\\/www.haflingerhorses.eu\\\/de\\\/\",\"name\":\"Leestensch Hof\",\"description\":\"Haflinger Hengstenhouderij &amp; SWS\\\/KI Station\",\"potentialAction\":[{\"@type\":\"SearchAction\",\"target\":{\"@type\":\"EntryPoint\",\"urlTemplate\":\"https:\\\/\\\/www.haflingerhorses.eu\\\/de\\\/?s={search_term_string}\"},\"query-input\":{\"@type\":\"PropertyValueSpecification\",\"valueRequired\":true,\"valueName\":\"search_term_string\"}}],\"inLanguage\":\"de\"}]}<\/script>\n<!-- \/ Yoast SEO plugin. -->","yoast_head_json":{"title":"Amino - Leestensch Hof","robots":{"index":"index","follow":"follow","max-snippet":"max-snippet:-1","max-image-preview":"max-image-preview:large","max-video-preview":"max-video-preview:-1"},"canonical":"https:\/\/www.haflingerhorses.eu\/de\/amino\/","og_locale":"de_DE","og_type":"article","og_title":"Amino - Leestensch Hof","og_description":"Amino Afstamming Liz. 612\/T. Amino Amino wurde am 2. Februar in Tirol gek\u00f6rt und als 2. Reservemeister platziert. Er wurde mit einem Durchschnitt von 8,01, einem Durchschnitt von 8,75 f\u00fcr den Typ und einem Durchschnitt von 7,9 f\u00fcr Bewegung und Bewegungskorrektheit aufgenommen. Aminos Mutter, Esprit, wurde 2003 in Nadine W\u00f6rle in Musau, Tirol, geboren.\u00a0 Sie [&hellip;]","og_url":"https:\/\/www.haflingerhorses.eu\/de\/amino\/","og_site_name":"Leestensch Hof","article_modified_time":"2026-03-27T10:10:15+00:00","og_image":[{"width":8175,"height":5453,"url":"https:\/\/www.haflingerhorses.eu\/wp-content\/uploads\/2025\/03\/Amino-portret-licht.jpg","type":"image\/jpeg"}],"twitter_card":"summary_large_image","twitter_misc":{"Gesch\u00e4tzte Lesezeit":"1\u00a0Minute"},"schema":{"@context":"https:\/\/schema.org","@graph":[{"@type":"WebPage","@id":"https:\/\/www.haflingerhorses.eu\/de\/amino\/","url":"https:\/\/www.haflingerhorses.eu\/de\/amino\/","name":"Amino - Leestensch Hof","isPartOf":{"@id":"https:\/\/www.haflingerhorses.eu\/de\/#website"},"primaryImageOfPage":{"@id":"https:\/\/www.haflingerhorses.eu\/de\/amino\/#primaryimage"},"image":{"@id":"https:\/\/www.haflingerhorses.eu\/de\/amino\/#primaryimage"},"thumbnailUrl":"http:\/\/www.haflingerhorses.eu\/wp-content\/uploads\/2025\/03\/Amino-portret-licht.jpg","datePublished":"2025-03-17T13:10:09+00:00","dateModified":"2026-03-27T10:10:15+00:00","breadcrumb":{"@id":"https:\/\/www.haflingerhorses.eu\/de\/amino\/#breadcrumb"},"inLanguage":"de","potentialAction":[{"@type":"ReadAction","target":["https:\/\/www.haflingerhorses.eu\/de\/amino\/"]}]},{"@type":"ImageObject","inLanguage":"de","@id":"https:\/\/www.haflingerhorses.eu\/de\/amino\/#primaryimage","url":"http:\/\/www.haflingerhorses.eu\/wp-content\/uploads\/2025\/03\/Amino-portret-licht.jpg","contentUrl":"http:\/\/www.haflingerhorses.eu\/wp-content\/uploads\/2025\/03\/Amino-portret-licht.jpg"},{"@type":"BreadcrumbList","@id":"https:\/\/www.haflingerhorses.eu\/de\/amino\/#breadcrumb","itemListElement":[{"@type":"ListItem","position":1,"name":"Home","item":"https:\/\/www.haflingerhorses.eu\/de\/"},{"@type":"ListItem","position":2,"name":"Amino"}]},{"@type":"WebSite","@id":"https:\/\/www.haflingerhorses.eu\/de\/#website","url":"https:\/\/www.haflingerhorses.eu\/de\/","name":"Leestensch Hof","description":"Haflinger Hengstenhouderij &amp; SWS\/KI Station","potentialAction":[{"@type":"SearchAction","target":{"@type":"EntryPoint","urlTemplate":"https:\/\/www.haflingerhorses.eu\/de\/?s={search_term_string}"},"query-input":{"@type":"PropertyValueSpecification","valueRequired":true,"valueName":"search_term_string"}}],"inLanguage":"de"}]}},"_links":{"self":[{"href":"https:\/\/www.haflingerhorses.eu\/de\/wp-json\/wp\/v2\/pages\/1285","targetHints":{"allow":["GET"]}}],"collection":[{"href":"https:\/\/www.haflingerhorses.eu\/de\/wp-json\/wp\/v2\/pages"}],"about":[{"href":"https:\/\/www.haflingerhorses.eu\/de\/wp-json\/wp\/v2\/types\/page"}],"author":[{"embeddable":true,"href":"https:\/\/www.haflingerhorses.eu\/de\/wp-json\/wp\/v2\/users\/1"}],"replies":[{"embeddable":true,"href":"https:\/\/www.haflingerhorses.eu\/de\/wp-json\/wp\/v2\/comments?post=1285"}],"version-history":[{"count":6,"href":"https:\/\/www.haflingerhorses.eu\/de\/wp-json\/wp\/v2\/pages\/1285\/revisions"}],"predecessor-version":[{"id":1690,"href":"https:\/\/www.haflingerhorses.eu\/de\/wp-json\/wp\/v2\/pages\/1285\/revisions\/1690"}],"wp:attachment":[{"href":"https:\/\/www.haflingerhorses.eu\/de\/wp-json\/wp\/v2\/media?parent=1285"}],"curies":[{"name":"wp","href":"https:\/\/api.w.org\/{rel}","templated":true}]}}